{"id":48933,"date":"2024-11-30T16:51:30","date_gmt":"2024-11-30T08:51:30","guid":{"rendered":"https:\/\/mypersianai.com\/about\/"},"modified":"2026-01-17T14:28:57","modified_gmt":"2026-01-17T06:28:57","slug":"about","status":"publish","type":"page","link":"https:\/\/mypersianai.com\/de\/about\/","title":{"rendered":"\u00dcber"},"content":{"rendered":"\n<div class=\"gbp-section gb-element-06c17342\">\n<div class=\"gbp-section__inner gb-element-06f3b13d\">\n<img loading=\"lazy\" decoding=\"async\" width=\"1024\" height=\"1536\" class=\"gb-media-0c481361\" src=\"https:\/\/mypersianai.com\/wp-content\/uploads\/2025\/07\/20250721_1741_Happy-Persian-Woman-Texting_simple_compose_01k0p5psysfh59z6vcfcfmjpvp-1.png\" title=\"20250721_1741_Happy Persian Woman Texting_simple_compose_01k0p5psysfh59z6vcfcfmjpvp\" alt=\"\" srcset=\"https:\/\/mypersianai.com\/wp-content\/uploads\/2025\/07\/20250721_1741_Happy-Persian-Woman-Texting_simple_compose_01k0p5psysfh59z6vcfcfmjpvp-1.png 1024w, https:\/\/mypersianai.com\/wp-content\/uploads\/2025\/07\/20250721_1741_Happy-Persian-Woman-Texting_simple_compose_01k0p5psysfh59z6vcfcfmjpvp-1-200x300.png 200w, https:\/\/mypersianai.com\/wp-content\/uploads\/2025\/07\/20250721_1741_Happy-Persian-Woman-Texting_simple_compose_01k0p5psysfh59z6vcfcfmjpvp-1-683x1024.png 683w, https:\/\/mypersianai.com\/wp-content\/uploads\/2025\/07\/20250721_1741_Happy-Persian-Woman-Texting_simple_compose_01k0p5psysfh59z6vcfcfmjpvp-1-768x1152.png 768w\" sizes=\"auto, (max-width: 1024px) 100vw, 1024px\" \/>\n\n\n\n<div class=\"gb-element-997a73d6\">\n<p class=\"gb-text gbp-section__tagline gb-text-16d0d5dc\">\u00dcber uns<\/p>\n\n\n\n<h2 class=\"gb-text gbp-section__headline\">Lernenden dabei helfen, echte Konversationsf\u00e4higkeiten mit KI aufzubauen<\/h2>\n\n\n\n<p class=\"gb-text gbp-section__text\">Mit Hilfe von KI simuliert Persian Ai realistische Gespr\u00e4che, die sich an dein Niveau, dein Lerntempo und deine Interessen anpassen und dich darauf vorbereiten, im Alltag selbstbewusst zu sprechen. Egal ob du f\u00fcr Reisen, die Arbeit oder t\u00e4gliche Gespr\u00e4che \u00fcbst \u2013 unser Tutor holt dich dort ab, wo du gerade stehst, und hilft dir, Schritt f\u00fcr Schritt besser zu werden, Dialog f\u00fcr Dialog.<\/p>\n\n\n\n<div class=\"gb-element-a9640d9e\">\n<div class=\"gb-element-8cd87cf1\">\n<span class=\"gb-shape gb-shape-1af24054\"><svg viewBox=\"0 0 256 256\" height=\"32\" width=\"32\" xmlns=\"http:\/\/www.w3.org\/2000\/svg\"><path d=\"M176.49,95.51a12,12,0,0,1,0,17l-56,56a12,12,0,0,1-17,0l-24-24a12,12,0,1,1,17-17L112,143l47.51-47.52A12,12,0,0,1,176.49,95.51ZM236,128A108,108,0,1,1,128,20,108.12,108.12,0,0,1,236,128Zm-24,0a84,84,0,1,0-84,84A84.09,84.09,0,0,0,212,128Z\"><\/path><\/svg><\/span>\n\n\n\n<div class=\"gb-element-ee8c36ac\">\n<h3 class=\"gb-text gb-text-d6f539e4\">Adaptive Gespr\u00e4che<\/h3>\n\n\n\n<p class=\"gb-text gb-text-4a43a638\">\u00dcbe dynamische Dialoge, die sich auf Grundlage deiner Antworten weiterentwickeln.<\/p>\n<\/div>\n<\/div>\n\n\n\n<div class=\"gb-element-cbeb8c0e\">\n<span class=\"gb-shape gb-shape-e9d71d55\"><svg viewBox=\"0 0 256 256\" height=\"32\" width=\"32\" xmlns=\"http:\/\/www.w3.org\/2000\/svg\"><path d=\"M176.49,95.51a12,12,0,0,1,0,17l-56,56a12,12,0,0,1-17,0l-24-24a12,12,0,1,1,17-17L112,143l47.51-47.52A12,12,0,0,1,176.49,95.51ZM236,128A108,108,0,1,1,128,20,108.12,108.12,0,0,1,236,128Zm-24,0a84,84,0,1,0-84,84A84.09,84.09,0,0,0,212,128Z\"><\/path><\/svg><\/span>\n\n\n\n<div class=\"gb-element-6ce30ec1\">\n<h3 class=\"gb-text gb-text-a023e289\"><strong>Integrierter kultureller Kontext<\/strong><\/h3>\n\n\n\n<p class=\"gb-text gb-text-1e2b7074\">Lerne nicht nur die Sprache, sondern auch, wie Menschen sie tats\u00e4chlich sprechen.<\/p>\n<\/div>\n<\/div>\n\n\n\n<div class=\"gb-element-195e2b74\">\n<span class=\"gb-shape gb-shape-63674600\"><svg viewBox=\"0 0 256 256\" height=\"32\" width=\"32\" xmlns=\"http:\/\/www.w3.org\/2000\/svg\"><path d=\"M176.49,95.51a12,12,0,0,1,0,17l-56,56a12,12,0,0,1-17,0l-24-24a12,12,0,1,1,17-17L112,143l47.51-47.52A12,12,0,0,1,176.49,95.51ZM236,128A108,108,0,1,1,128,20,108.12,108.12,0,0,1,236,128Zm-24,0a84,84,0,1,0-84,84A84.09,84.09,0,0,0,212,128Z\"><\/path><\/svg><\/span>\n\n\n\n<div class=\"gb-element-0a033fd9\">\n<h3 class=\"gb-text gb-text-cc1794d8\"><strong>Feedback, das dich voranbringt<\/strong><\/h3>\n\n\n\n<p class=\"gb-text gb-text-70569cd2\">Erhalte Echtzeit-Tipps zu Aussprache und Sprachfluss, um dich schnell zu verbessern.<\/p>\n<\/div>\n<\/div>\n<\/div>\n\n\n\n<a class=\"gbp-button--primary gb-text-744189f7\" href=\"\/\"><span class=\"gb-text\">Jetzt starten<\/span><span class=\"gb-shape\"><svg viewBox=\"0 0 256 256\" height=\"32\" width=\"32\" xmlns=\"http:\/\/www.w3.org\/2000\/svg\"><path d=\"M224.49,136.49l-72,72a12,12,0,0,1-17-17L187,140H40a12,12,0,0,1,0-24H187L135.51,64.48a12,12,0,0,1,17-17l72,72A12,12,0,0,1,224.49,136.49Z\"><\/path><\/svg><\/span><\/a>\n<\/div>\n<\/div>\n<\/div>\n\n\n\n<div class=\"gbp-section gb-element-f1f35e59\">\n<div class=\"gbp-section__inner gb-element-84fa265f\">\n<div class=\"gb-element-62e208aa\">\n<p class=\"gb-text gbp-section__tagline\">Statistiken<\/p>\n\n\n\n<h2 class=\"gb-text gbp-section__headline gb-text-8226f753\">Lernende lieben Persian Ai, weil es funktioniert<\/h2>\n\n\n\n<ul class=\"gb-element-5fed47d5\">\n<li class=\"gb-element-9046a3db\">\n<div class=\"gb-text gb-text-356e9f85\">5x<\/div>\n\n\n\n<p class=\"gb-text gb-text-4cb76940\">Schnelleres Lernen als mit Apps mit gr\u00fcnem Vogel<\/p>\n<\/li>\n\n\n\n<li class=\"gb-element-5cd3507b\">\n<div class=\"gb-text gb-text-5c808f44\">1000+<\/div>\n\n\n\n<p class=\"gb-text gb-text-1b570773\">5-Sterne-Bewertungen<\/p>\n<\/li>\n\n\n\n<li class=\"gb-element-b0a20451\">\n<div class=\"gb-text gb-text-54445df2\">100%<\/div>\n\n\n\n<p class=\"gb-text gb-text-8381aa84\">Mehr Spa\u00df als Lehrb\u00fccher<\/p>\n<\/li>\n\n\n\n<li class=\"gb-element-c298f2ef\">\n<div class=\"gb-text gb-text-5f8c07e3\">10k+<\/div>\n\n\n\n<p class=\"gb-text gb-text-a5091794\">Zufriedene Lernende<\/p>\n<\/li>\n<\/ul>\n<\/div>\n\n\n\n<img loading=\"lazy\" decoding=\"async\" width=\"1536\" height=\"1024\" class=\"gb-media-2a3329be\" src=\"https:\/\/mypersianai.com\/wp-content\/uploads\/2025\/07\/20250721_1749_Travelers-Persian-Encounter_simple_compose_01k0p62wf0fps87naksyvv65cm.png\" title=\"20250721_1749_Traveler&amp;#039;s Persian Encounter_simple_compose_01k0p62wf0fps87naksyvv65cm\" alt=\"\" srcset=\"https:\/\/mypersianai.com\/wp-content\/uploads\/2025\/07\/20250721_1749_Travelers-Persian-Encounter_simple_compose_01k0p62wf0fps87naksyvv65cm.png 1536w, https:\/\/mypersianai.com\/wp-content\/uploads\/2025\/07\/20250721_1749_Travelers-Persian-Encounter_simple_compose_01k0p62wf0fps87naksyvv65cm-300x200.png 300w, https:\/\/mypersianai.com\/wp-content\/uploads\/2025\/07\/20250721_1749_Travelers-Persian-Encounter_simple_compose_01k0p62wf0fps87naksyvv65cm-1024x683.png 1024w, https:\/\/mypersianai.com\/wp-content\/uploads\/2025\/07\/20250721_1749_Travelers-Persian-Encounter_simple_compose_01k0p62wf0fps87naksyvv65cm-768x512.png 768w\" sizes=\"auto, (max-width: 1536px) 100vw, 1536px\" \/>\n<\/div>\n<\/div>\n","protected":false},"excerpt":{"rendered":"<p>\u00dcber uns Lernenden dabei helfen, echte Konversationsf\u00e4higkeiten mit KI aufzubauen Mit Hilfe von KI simuliert Persian Ai realistische Gespr\u00e4che, die sich an dein Niveau, dein Lerntempo und deine Interessen anpassen und dich darauf vorbereiten, im Alltag selbstbewusst zu sprechen. Egal ob du f\u00fcr Reisen, die Arbeit oder t\u00e4gliche Gespr\u00e4che \u00fcbst \u2013 unser Tutor holt dich &#8230; <a title=\"\u00dcber\" class=\"read-more\" href=\"https:\/\/mypersianai.com\/de\/about\/\" aria-label=\"Mehr Informationen \u00fcber \u00dcber\">Weiterlesen &#8230;<\/a><\/p>\n","protected":false},"author":2,"featured_media":0,"parent":0,"menu_order":0,"comment_status":"closed","ping_status":"closed","template":"","meta":{"footnotes":""},"class_list":["post-48933","page","type-page","status-publish"],"_links":{"self":[{"href":"https:\/\/mypersianai.com\/de\/wp-json\/wp\/v2\/pages\/48933","targetHints":{"allow":["GET"]}}],"collection":[{"href":"https:\/\/mypersianai.com\/de\/wp-json\/wp\/v2\/pages"}],"about":[{"href":"https:\/\/mypersianai.com\/de\/wp-json\/wp\/v2\/types\/page"}],"author":[{"embeddable":true,"href":"https:\/\/mypersianai.com\/de\/wp-json\/wp\/v2\/users\/2"}],"replies":[{"embeddable":true,"href":"https:\/\/mypersianai.com\/de\/wp-json\/wp\/v2\/comments?post=48933"}],"version-history":[{"count":2,"href":"https:\/\/mypersianai.com\/de\/wp-json\/wp\/v2\/pages\/48933\/revisions"}],"predecessor-version":[{"id":48946,"href":"https:\/\/mypersianai.com\/de\/wp-json\/wp\/v2\/pages\/48933\/revisions\/48946"}],"wp:attachment":[{"href":"https:\/\/mypersianai.com\/de\/wp-json\/wp\/v2\/media?parent=48933"}],"curies":[{"name":"wp","href":"https:\/\/api.w.org\/{rel}","templated":true}]}}