{"id":48936,"date":"2024-11-30T16:51:30","date_gmt":"2024-11-30T08:51:30","guid":{"rendered":"https:\/\/mypersianai.com\/about\/"},"modified":"2026-01-17T14:46:57","modified_gmt":"2026-01-17T06:46:57","slug":"about","status":"publish","type":"page","link":"https:\/\/mypersianai.com\/es\/about\/","title":{"rendered":"Sobre nosotros"},"content":{"rendered":"\n<div class=\"gbp-section gb-element-06c17342\">\n<div class=\"gbp-section__inner gb-element-06f3b13d\">\n<img loading=\"lazy\" decoding=\"async\" width=\"1024\" height=\"1536\" class=\"gb-media-0c481361\" src=\"https:\/\/mypersianai.com\/wp-content\/uploads\/2025\/07\/20250721_1741_Happy-Persian-Woman-Texting_simple_compose_01k0p5psysfh59z6vcfcfmjpvp-1.png\" title=\"20250721_1741_Happy Persian Woman Texting_simple_compose_01k0p5psysfh59z6vcfcfmjpvp\" alt=\"\" srcset=\"https:\/\/mypersianai.com\/wp-content\/uploads\/2025\/07\/20250721_1741_Happy-Persian-Woman-Texting_simple_compose_01k0p5psysfh59z6vcfcfmjpvp-1.png 1024w, https:\/\/mypersianai.com\/wp-content\/uploads\/2025\/07\/20250721_1741_Happy-Persian-Woman-Texting_simple_compose_01k0p5psysfh59z6vcfcfmjpvp-1-200x300.png 200w, https:\/\/mypersianai.com\/wp-content\/uploads\/2025\/07\/20250721_1741_Happy-Persian-Woman-Texting_simple_compose_01k0p5psysfh59z6vcfcfmjpvp-1-683x1024.png 683w, https:\/\/mypersianai.com\/wp-content\/uploads\/2025\/07\/20250721_1741_Happy-Persian-Woman-Texting_simple_compose_01k0p5psysfh59z6vcfcfmjpvp-1-768x1152.png 768w\" sizes=\"auto, (max-width: 1024px) 100vw, 1024px\" \/>\n\n\n\n<div class=\"gb-element-997a73d6\">\n<p class=\"gb-text gbp-section__tagline gb-text-16d0d5dc\">Sobre nosotros<\/p>\n\n\n\n<h2 class=\"gb-text gbp-section__headline\">Ayudamos a los estudiantes a desarrollar habilidades de conversaci\u00f3n para la vida real con IA<\/h2>\n\n\n\n<p class=\"gb-text gbp-section__text\">Con la ayuda de la IA, Persian Ai simula conversaciones realistas que se adaptan a tu nivel, ritmo e intereses, prepar\u00e1ndote para hablar con confianza en situaciones cotidianas. Ya sea que practiques para viajar, trabajar o interactuar en el d\u00eda a d\u00eda, nuestro tutor te acompa\u00f1a desde donde est\u00e9s y te ayuda a crecer, un di\u00e1logo a la vez.<\/p>\n\n\n\n<div class=\"gb-element-a9640d9e\">\n<div class=\"gb-element-8cd87cf1\">\n<span class=\"gb-shape gb-shape-1af24054\"><svg viewBox=\"0 0 256 256\" height=\"32\" width=\"32\" xmlns=\"http:\/\/www.w3.org\/2000\/svg\"><path d=\"M176.49,95.51a12,12,0,0,1,0,17l-56,56a12,12,0,0,1-17,0l-24-24a12,12,0,1,1,17-17L112,143l47.51-47.52A12,12,0,0,1,176.49,95.51ZM236,128A108,108,0,1,1,128,20,108.12,108.12,0,0,1,236,128Zm-24,0a84,84,0,1,0-84,84A84.09,84.09,0,0,0,212,128Z\"><\/path><\/svg><\/span>\n\n\n\n<div class=\"gb-element-ee8c36ac\">\n<h3 class=\"gb-text gb-text-d6f539e4\">Conversaciones adaptativas<\/h3>\n\n\n\n<p class=\"gb-text gb-text-4a43a638\">Practica di\u00e1logos din\u00e1micos que evolucionan seg\u00fan tus respuestas.<\/p>\n<\/div>\n<\/div>\n\n\n\n<div class=\"gb-element-cbeb8c0e\">\n<span class=\"gb-shape gb-shape-e9d71d55\"><svg viewBox=\"0 0 256 256\" height=\"32\" width=\"32\" xmlns=\"http:\/\/www.w3.org\/2000\/svg\"><path d=\"M176.49,95.51a12,12,0,0,1,0,17l-56,56a12,12,0,0,1-17,0l-24-24a12,12,0,1,1,17-17L112,143l47.51-47.52A12,12,0,0,1,176.49,95.51ZM236,128A108,108,0,1,1,128,20,108.12,108.12,0,0,1,236,128Zm-24,0a84,84,0,1,0-84,84A84.09,84.09,0,0,0,212,128Z\"><\/path><\/svg><\/span>\n\n\n\n<div class=\"gb-element-6ce30ec1\">\n<h3 class=\"gb-text gb-text-a023e289\"><strong>Contexto cultural integrado<\/strong><\/h3>\n\n\n\n<p class=\"gb-text gb-text-1e2b7074\">Aprende no solo el idioma, sino c\u00f3mo la gente lo habla realmente.<\/p>\n<\/div>\n<\/div>\n\n\n\n<div class=\"gb-element-195e2b74\">\n<span class=\"gb-shape gb-shape-63674600\"><svg viewBox=\"0 0 256 256\" height=\"32\" width=\"32\" xmlns=\"http:\/\/www.w3.org\/2000\/svg\"><path d=\"M176.49,95.51a12,12,0,0,1,0,17l-56,56a12,12,0,0,1-17,0l-24-24a12,12,0,1,1,17-17L112,143l47.51-47.52A12,12,0,0,1,176.49,95.51ZM236,128A108,108,0,1,1,128,20,108.12,108.12,0,0,1,236,128Zm-24,0a84,84,0,1,0-84,84A84.09,84.09,0,0,0,212,128Z\"><\/path><\/svg><\/span>\n\n\n\n<div class=\"gb-element-0a033fd9\">\n<h3 class=\"gb-text gb-text-cc1794d8\"><strong>Retroalimentaci\u00f3n que te gu\u00eda<\/strong><\/h3>\n\n\n\n<p class=\"gb-text gb-text-70569cd2\">Recibe consejos en tiempo real sobre pronunciaci\u00f3n y fluidez para mejorar r\u00e1pidamente.<\/p>\n<\/div>\n<\/div>\n<\/div>\n\n\n\n<a class=\"gbp-button--primary gb-text-744189f7\" href=\"\/\"><span class=\"gb-text\">Empieza ahora<\/span><span class=\"gb-shape\"><svg viewBox=\"0 0 256 256\" height=\"32\" width=\"32\" xmlns=\"http:\/\/www.w3.org\/2000\/svg\"><path d=\"M224.49,136.49l-72,72a12,12,0,0,1-17-17L187,140H40a12,12,0,0,1,0-24H187L135.51,64.48a12,12,0,0,1,17-17l72,72A12,12,0,0,1,224.49,136.49Z\"><\/path><\/svg><\/span><\/a>\n<\/div>\n<\/div>\n<\/div>\n\n\n\n<div class=\"gbp-section gb-element-f1f35e59\">\n<div class=\"gbp-section__inner gb-element-84fa265f\">\n<div class=\"gb-element-62e208aa\">\n<p class=\"gb-text gbp-section__tagline\">Estad\u00edsticas<\/p>\n\n\n\n<h2 class=\"gb-text gbp-section__headline gb-text-8226f753\">A los estudiantes les encanta Persian Ai porque funciona<\/h2>\n\n\n\n<ul class=\"gb-element-5fed47d5\">\n<li class=\"gb-element-9046a3db\">\n<div class=\"gb-text gb-text-356e9f85\">5x<\/div>\n\n\n\n<p class=\"gb-text gb-text-4cb76940\">Aprendizaje m\u00e1s r\u00e1pido que las apps del pajarito verde<\/p>\n<\/li>\n\n\n\n<li class=\"gb-element-5cd3507b\">\n<div class=\"gb-text gb-text-5c808f44\">1000+<\/div>\n\n\n\n<p class=\"gb-text gb-text-1b570773\">Rese\u00f1as de 5 estrellas<\/p>\n<\/li>\n\n\n\n<li class=\"gb-element-b0a20451\">\n<div class=\"gb-text gb-text-54445df2\">100%<\/div>\n\n\n\n<p class=\"gb-text gb-text-8381aa84\">M\u00e1s divertido que los libros de texto<\/p>\n<\/li>\n\n\n\n<li class=\"gb-element-c298f2ef\">\n<div class=\"gb-text gb-text-5f8c07e3\">10k+<\/div>\n\n\n\n<p class=\"gb-text gb-text-a5091794\">Usuarios felices<\/p>\n<\/li>\n<\/ul>\n<\/div>\n\n\n\n<img loading=\"lazy\" decoding=\"async\" width=\"1536\" height=\"1024\" class=\"gb-media-2a3329be\" src=\"https:\/\/mypersianai.com\/wp-content\/uploads\/2025\/07\/20250721_1749_Travelers-Persian-Encounter_simple_compose_01k0p62wf0fps87naksyvv65cm.png\" title=\"20250721_1749_Traveler&amp;#039;s Persian Encounter_simple_compose_01k0p62wf0fps87naksyvv65cm\" alt=\"\" srcset=\"https:\/\/mypersianai.com\/wp-content\/uploads\/2025\/07\/20250721_1749_Travelers-Persian-Encounter_simple_compose_01k0p62wf0fps87naksyvv65cm.png 1536w, https:\/\/mypersianai.com\/wp-content\/uploads\/2025\/07\/20250721_1749_Travelers-Persian-Encounter_simple_compose_01k0p62wf0fps87naksyvv65cm-300x200.png 300w, https:\/\/mypersianai.com\/wp-content\/uploads\/2025\/07\/20250721_1749_Travelers-Persian-Encounter_simple_compose_01k0p62wf0fps87naksyvv65cm-1024x683.png 1024w, https:\/\/mypersianai.com\/wp-content\/uploads\/2025\/07\/20250721_1749_Travelers-Persian-Encounter_simple_compose_01k0p62wf0fps87naksyvv65cm-768x512.png 768w\" sizes=\"auto, (max-width: 1536px) 100vw, 1536px\" \/>\n<\/div>\n<\/div>\n","protected":false},"excerpt":{"rendered":"<p>Sobre nosotros Ayudamos a los estudiantes a desarrollar habilidades de conversaci\u00f3n para la vida real con IA Con la ayuda de la IA, Persian Ai simula conversaciones realistas que se adaptan a tu nivel, ritmo e intereses, prepar\u00e1ndote para hablar con confianza en situaciones cotidianas. Ya sea que practiques para viajar, trabajar o interactuar en &#8230; <a title=\"Sobre nosotros\" class=\"read-more\" href=\"https:\/\/mypersianai.com\/es\/about\/\" aria-label=\"Leer m\u00e1s sobre Sobre nosotros\">Leer m\u00e1s<\/a><\/p>\n","protected":false},"author":2,"featured_media":0,"parent":0,"menu_order":0,"comment_status":"closed","ping_status":"closed","template":"","meta":{"footnotes":""},"class_list":["post-48936","page","type-page","status-publish"],"_links":{"self":[{"href":"https:\/\/mypersianai.com\/es\/wp-json\/wp\/v2\/pages\/48936","targetHints":{"allow":["GET"]}}],"collection":[{"href":"https:\/\/mypersianai.com\/es\/wp-json\/wp\/v2\/pages"}],"about":[{"href":"https:\/\/mypersianai.com\/es\/wp-json\/wp\/v2\/types\/page"}],"author":[{"embeddable":true,"href":"https:\/\/mypersianai.com\/es\/wp-json\/wp\/v2\/users\/2"}],"replies":[{"embeddable":true,"href":"https:\/\/mypersianai.com\/es\/wp-json\/wp\/v2\/comments?post=48936"}],"version-history":[{"count":2,"href":"https:\/\/mypersianai.com\/es\/wp-json\/wp\/v2\/pages\/48936\/revisions"}],"predecessor-version":[{"id":48955,"href":"https:\/\/mypersianai.com\/es\/wp-json\/wp\/v2\/pages\/48936\/revisions\/48955"}],"wp:attachment":[{"href":"https:\/\/mypersianai.com\/es\/wp-json\/wp\/v2\/media?parent=48936"}],"curies":[{"name":"wp","href":"https:\/\/api.w.org\/{rel}","templated":true}]}}